{"id":1858,"date":"2021-01-08T17:43:43","date_gmt":"2021-01-08T16:43:43","guid":{"rendered":"http:\/\/engel.mylapo.de\/imprimer\/"},"modified":"2024-06-17T12:06:12","modified_gmt":"2024-06-17T10:06:12","slug":"imprimer","status":"publish","type":"page","link":"https:\/\/engel-hinterzarten.de\/fr\/imprimer\/","title":{"rendered":"Imprimer"},"content":{"rendered":"\n<style type=\"text\/css\" data-created_by=\"avia_inline_auto\" id=\"style-css-av-5q6ftf-84daa5c74e9892040e83a6740d4c560a\">\n.flex_column.av-5q6ftf-84daa5c74e9892040e83a6740d4c560a{\nborder-radius:0px 0px 0px 0px;\npadding:0px 0px 0px 0px;\n}\n<\/style>\n<div  class='flex_column av-5q6ftf-84daa5c74e9892040e83a6740d4c560a av_one_full  avia-builder-el-0  el_before_av_one_full  avia-builder-el-first  first flex_column_div av-zero-column-padding  '     ><style type=\"text\/css\" data-created_by=\"avia_inline_auto\" id=\"style-css-av-kiu5k6c1-7f4a4f12c4d33756c4c63f29ec79f538\">\n#top .av-special-heading.av-kiu5k6c1-7f4a4f12c4d33756c4c63f29ec79f538{\npadding-bottom:10px;\n}\nbody .av-special-heading.av-kiu5k6c1-7f4a4f12c4d33756c4c63f29ec79f538 .av-special-heading-tag .heading-char{\nfont-size:25px;\n}\n.av-special-heading.av-kiu5k6c1-7f4a4f12c4d33756c4c63f29ec79f538 .av-subheading{\nfont-size:15px;\n}\n<\/style>\n<div  class='av-special-heading av-kiu5k6c1-7f4a4f12c4d33756c4c63f29ec79f538 av-special-heading-h2 blockquote modern-quote  avia-builder-el-1  avia-builder-el-no-sibling '><h2 class='av-special-heading-tag '  itemprop=\"headline\"  >Imprimer<\/h2><div class=\"special-heading-border\"><div class=\"special-heading-inner-border\"><\/div><\/div><\/div><\/div>\n\n<style type=\"text\/css\" data-created_by=\"avia_inline_auto\" id=\"style-css-av-3whgxf-801a435d821f9260a32c36b20f7000ee\">\n.flex_column.av-3whgxf-801a435d821f9260a32c36b20f7000ee{\nborder-radius:0px 0px 0px 0px;\npadding:0px 0px 0px 0px;\n}\n<\/style>\n<div  class='flex_column av-3whgxf-801a435d821f9260a32c36b20f7000ee av_one_full  avia-builder-el-2  el_after_av_one_full  el_before_av_one_full  first flex_column_div av-zero-column-padding  column-top-margin'     ><p>\n<style type=\"text\/css\" data-created_by=\"avia_inline_auto\" id=\"style-css-av-av_heading-34ca8ba810d23207cf50a586d4bb94d2\">\n#top .av-special-heading.av-av_heading-34ca8ba810d23207cf50a586d4bb94d2{\npadding-bottom:10px;\n}\nbody .av-special-heading.av-av_heading-34ca8ba810d23207cf50a586d4bb94d2 .av-special-heading-tag .heading-char{\nfont-size:25px;\n}\n.av-special-heading.av-av_heading-34ca8ba810d23207cf50a586d4bb94d2 .av-subheading{\nfont-size:15px;\n}\n<\/style>\n<div  class='av-special-heading av-av_heading-34ca8ba810d23207cf50a586d4bb94d2 av-special-heading-h3 blockquote modern-quote  avia-builder-el-3  el_before_av_textblock  avia-builder-el-first '><h3 class='av-special-heading-tag '  itemprop=\"headline\"  >Responsable de cette page<\/h3><div class=\"special-heading-border\"><div class=\"special-heading-inner-border\"><\/div><\/div><\/div><br \/>\n<section  class='av_textblock_section av-kiu5l6ky-884b133b3d0565879878261245869d3a '   itemscope=\"itemscope\" itemtype=\"https:\/\/schema.org\/CreativeWork\" ><div class='avia_textblock'  itemprop=\"text\" ><p>Hotel \u2013 Gasthaus \u00ab Zum Engel \u00bb<br \/>\nMichaele &#038; Klaus Steiert<br \/>\nAlpersbach 14<br \/>\n79856 Hinterzarten<\/p>\n<p>Responsable de cette page: Michaele &#038; Klaus Steiert<\/p>\n<p>T\u00e9l\u00e9phone: +49 7652 1539<br \/>\nTelefax: +49 7652 5481<\/p>\n<p>E-Mail: <a href=\"mailto:mail@engel-hinterzarten.de\">mail@engel-hinterzarten.de<\/a><br \/>\nInternet: <a href=\"https:\/\/www.engel-hinterzarten.de\/\">www.engel-hinterzarten.de<\/a><\/p>\n<p>USt-Id: DE156614309<\/p>\n<\/div><\/section><\/p><\/div>\n\n<style type=\"text\/css\" data-created_by=\"avia_inline_auto\" id=\"style-css-av-3whgxf-801a435d821f9260a32c36b20f7000ee\">\n.flex_column.av-3whgxf-801a435d821f9260a32c36b20f7000ee{\nborder-radius:0px 0px 0px 0px;\npadding:0px 0px 0px 0px;\n}\n<\/style>\n<div  class='flex_column av-3whgxf-801a435d821f9260a32c36b20f7000ee av_one_full  avia-builder-el-5  el_after_av_one_full  el_before_av_one_full  first flex_column_div av-zero-column-padding  column-top-margin'     ><p>\n<style type=\"text\/css\" data-created_by=\"avia_inline_auto\" id=\"style-css-av-kjslzh6y-e5a1e6cd574c7dbfc5d66b3ee6d72273\">\n#top .av-special-heading.av-kjslzh6y-e5a1e6cd574c7dbfc5d66b3ee6d72273{\npadding-bottom:10px;\n}\nbody .av-special-heading.av-kjslzh6y-e5a1e6cd574c7dbfc5d66b3ee6d72273 .av-special-heading-tag .heading-char{\nfont-size:25px;\n}\n.av-special-heading.av-kjslzh6y-e5a1e6cd574c7dbfc5d66b3ee6d72273 .av-subheading{\nfont-size:15px;\n}\n<\/style>\n<div  class='av-special-heading av-kjslzh6y-e5a1e6cd574c7dbfc5d66b3ee6d72273 av-special-heading-h3 blockquote modern-quote  avia-builder-el-6  el_before_av_textblock  avia-builder-el-first '><h3 class='av-special-heading-tag '  itemprop=\"headline\"  >Copyright pour le contenu de la page<\/h3><div class=\"special-heading-border\"><div class=\"special-heading-inner-border\"><\/div><\/div><\/div><br \/>\n<section  class='av_textblock_section av-kiu5l6ky-884b133b3d0565879878261245869d3a '   itemscope=\"itemscope\" itemtype=\"https:\/\/schema.org\/CreativeWork\" ><div class='avia_textblock'  itemprop=\"text\" ><p>Hotel &#8211; Gasthaus \u00ab\u00a0Zum Engel\u00a0\u00bb, Hinterzarten. Tous les droits sont r\u00e9serv\u00e9s.<\/p>\n<\/div><\/section><\/p><\/div>\n\n<style type=\"text\/css\" data-created_by=\"avia_inline_auto\" id=\"style-css-av-3whgxf-801a435d821f9260a32c36b20f7000ee\">\n.flex_column.av-3whgxf-801a435d821f9260a32c36b20f7000ee{\nborder-radius:0px 0px 0px 0px;\npadding:0px 0px 0px 0px;\n}\n<\/style>\n<div  class='flex_column av-3whgxf-801a435d821f9260a32c36b20f7000ee av_one_full  avia-builder-el-8  el_after_av_one_full  el_before_av_one_full  first flex_column_div av-zero-column-padding  column-top-margin'     ><p>\n<style type=\"text\/css\" data-created_by=\"avia_inline_auto\" id=\"style-css-av-kk7zr5za-32274bc7bdb4e60d5aa1e313143ac339\">\n#top .av-special-heading.av-kk7zr5za-32274bc7bdb4e60d5aa1e313143ac339{\npadding-bottom:10px;\n}\nbody .av-special-heading.av-kk7zr5za-32274bc7bdb4e60d5aa1e313143ac339 .av-special-heading-tag .heading-char{\nfont-size:25px;\n}\n.av-special-heading.av-kk7zr5za-32274bc7bdb4e60d5aa1e313143ac339 .av-subheading{\nfont-size:15px;\n}\n<\/style>\n<div  class='av-special-heading av-kk7zr5za-32274bc7bdb4e60d5aa1e313143ac339 av-special-heading-h3 blockquote modern-quote  avia-builder-el-9  el_before_av_textblock  avia-builder-el-first '><h3 class='av-special-heading-tag '  itemprop=\"headline\"  >R\u00e9alisation<\/h3><div class=\"special-heading-border\"><div class=\"special-heading-inner-border\"><\/div><\/div><\/div><br \/>\n<section  class='av_textblock_section av-kiu5l6ky-b569d1804b387b749ef6b31c1f4a7a05 '   itemscope=\"itemscope\" itemtype=\"https:\/\/schema.org\/CreativeWork\" ><div class='avia_textblock'  itemprop=\"text\" ><p>mylapo GmbH<br \/>\nScheuerleweg 7A<br \/>\n79227 Schallstadt<br \/>\n<a title=\"\u201cwww.mylapo.de\u201c\" href=\"https:\/\/www.mylapo.de\" target=\"_blank\" rel=\"noopener\">www.mylapo.de<\/a><\/p>\n<\/div><\/section><\/p><\/div>\n<style type=\"text\/css\" data-created_by=\"avia_inline_auto\" id=\"style-css-av-35ublv-1e96a89ed9e7c0f823082c92f7714846\">\n.flex_column.av-35ublv-1e96a89ed9e7c0f823082c92f7714846{\nborder-radius:0px 0px 0px 0px;\npadding:0px 0px 0px 0px;\n}\n<\/style>\n<div  class='flex_column av-35ublv-1e96a89ed9e7c0f823082c92f7714846 av_one_full  avia-builder-el-11  el_after_av_one_full  el_before_av_one_full  first flex_column_div av-zero-column-padding  column-top-margin'     ><p>\n<style type=\"text\/css\" data-created_by=\"avia_inline_auto\" id=\"style-css-av-av_heading-957619304320ac34b5c3ef12cb9e37e7\">\n#top .av-special-heading.av-av_heading-957619304320ac34b5c3ef12cb9e37e7{\npadding-bottom:10px;\n}\nbody .av-special-heading.av-av_heading-957619304320ac34b5c3ef12cb9e37e7 .av-special-heading-tag .heading-char{\nfont-size:25px;\n}\n.av-special-heading.av-av_heading-957619304320ac34b5c3ef12cb9e37e7 .av-subheading{\nfont-size:15px;\n}\n<\/style>\n<div  class='av-special-heading av-av_heading-957619304320ac34b5c3ef12cb9e37e7 av-special-heading-h3 blockquote modern-quote  avia-builder-el-12  el_before_av_textblock  avia-builder-el-first '><h3 class='av-special-heading-tag '  itemprop=\"headline\"  >Cr\u00e9dits photo<\/h3><div class=\"special-heading-border\"><div class=\"special-heading-inner-border\"><\/div><\/div><\/div><br \/>\n<section  class='av_textblock_section av-kiu5l6ky-884b133b3d0565879878261245869d3a '   itemscope=\"itemscope\" itemtype=\"https:\/\/schema.org\/CreativeWork\" ><div class='avia_textblock'  itemprop=\"text\" ><p>Images de loisirs: Wandern, Radfahren, Baden und Rutschen, Wellness, Klettern, Golfe, Skifahren, Schneeschuh wandern, Langlauf \u00a9 Hochschwarzwald Tourismus GmbH<\/p>\n<p>Photographe: Andreas Gerhardt <a href=\"https:\/\/www.photograph-ag.de\" title=\"\u201cwww.photograph-ag.de\u201c\" target=\"_blank\" rel=\"noopener\">www.photograph-ag.de<\/a><\/p>\n<\/div><\/section><\/p><\/div><\/p>\n\n<style type=\"text\/css\" data-created_by=\"avia_inline_auto\" id=\"style-css-av-3whgxf-801a435d821f9260a32c36b20f7000ee\">\n.flex_column.av-3whgxf-801a435d821f9260a32c36b20f7000ee{\nborder-radius:0px 0px 0px 0px;\npadding:0px 0px 0px 0px;\n}\n<\/style>\n<div  class='flex_column av-3whgxf-801a435d821f9260a32c36b20f7000ee av_one_full  avia-builder-el-14  el_after_av_one_full  el_before_av_one_full  first flex_column_div av-zero-column-padding  column-top-margin'     ><p>\n<style type=\"text\/css\" data-created_by=\"avia_inline_auto\" id=\"style-css-av-kjsm1v9c-dd8eae0439231c31da4b5877b42de008\">\n#top .av-special-heading.av-kjsm1v9c-dd8eae0439231c31da4b5877b42de008{\npadding-bottom:10px;\n}\nbody .av-special-heading.av-kjsm1v9c-dd8eae0439231c31da4b5877b42de008 .av-special-heading-tag .heading-char{\nfont-size:25px;\n}\n.av-special-heading.av-kjsm1v9c-dd8eae0439231c31da4b5877b42de008 .av-subheading{\nfont-size:15px;\n}\n<\/style>\n<div  class='av-special-heading av-kjsm1v9c-dd8eae0439231c31da4b5877b42de008 av-special-heading-h3 blockquote modern-quote  avia-builder-el-15  el_before_av_textblock  avia-builder-el-first '><h3 class='av-special-heading-tag '  itemprop=\"headline\"  >D\u00e9ni de responsabilit\u00e9<\/h3><div class=\"special-heading-border\"><div class=\"special-heading-inner-border\"><\/div><\/div><\/div><br \/>\n<section  class='av_textblock_section av-kiu5l6ky-884b133b3d0565879878261245869d3a '   itemscope=\"itemscope\" itemtype=\"https:\/\/schema.org\/CreativeWork\" ><div class='avia_textblock'  itemprop=\"text\" ><p>L&rsquo;H\u00f4tel &#8211; Gasthaus \u00bbZum Engel\u00ab s&rsquo;efforce de garantir l&rsquo;exactitude et l&rsquo;exhaustivit\u00e9 des informations et donn\u00e9es pr\u00e9sent\u00e9es sur ce site. Une responsabilit\u00e9 ou une garantie pour l&rsquo;actualit\u00e9, l&rsquo;exactitude et l&rsquo;exhaustivit\u00e9 de ces informations et donn\u00e9es est exclue. Tous les contenus du site de l&rsquo;H\u00f4tel &#8211; Gasthaus \u00bbZum Engel\u00ab sont prot\u00e9g\u00e9s par le droit d&rsquo;auteur. La reproduction des informations, donn\u00e9es, images et textes pr\u00e9sent\u00e9s ici n\u00e9cessite l&rsquo;accord pr\u00e9alable de Hotel &#8211; Gasthaus \u00bbZum Engel\u00ab.<\/p>\n<\/div><\/section><\/p><\/div>\n\n<style type=\"text\/css\" data-created_by=\"avia_inline_auto\" id=\"style-css-av-3whgxf-801a435d821f9260a32c36b20f7000ee\">\n.flex_column.av-3whgxf-801a435d821f9260a32c36b20f7000ee{\nborder-radius:0px 0px 0px 0px;\npadding:0px 0px 0px 0px;\n}\n<\/style>\n<div  class='flex_column av-3whgxf-801a435d821f9260a32c36b20f7000ee av_one_full  avia-builder-el-17  el_after_av_one_full  el_before_av_one_full  first flex_column_div av-zero-column-padding  column-top-margin'     ><p>\n<style type=\"text\/css\" data-created_by=\"avia_inline_auto\" id=\"style-css-av-kjsm9few-52349b708508df42432beed826ff930e\">\n#top .av-special-heading.av-kjsm9few-52349b708508df42432beed826ff930e{\npadding-bottom:10px;\n}\nbody .av-special-heading.av-kjsm9few-52349b708508df42432beed826ff930e .av-special-heading-tag .heading-char{\nfont-size:25px;\n}\n.av-special-heading.av-kjsm9few-52349b708508df42432beed826ff930e .av-subheading{\nfont-size:15px;\n}\n<\/style>\n<div  class='av-special-heading av-kjsm9few-52349b708508df42432beed826ff930e av-special-heading-h3 blockquote modern-quote  avia-builder-el-18  el_before_av_textblock  avia-builder-el-first '><h3 class='av-special-heading-tag '  itemprop=\"headline\"  >Hyperliens externes<\/h3><div class=\"special-heading-border\"><div class=\"special-heading-inner-border\"><\/div><\/div><\/div><br \/>\n<section  class='av_textblock_section av-kiu5l6ky-884b133b3d0565879878261245869d3a '   itemscope=\"itemscope\" itemtype=\"https:\/\/schema.org\/CreativeWork\" ><div class='avia_textblock'  itemprop=\"text\" ><p>Par l&rsquo;arr\u00eat du 12 mai 1998 &#8211; 312 O 85\/98 &#8211; \u00abResponsabilit\u00e9 pour les liens externes\u00bb, le tribunal r\u00e9gional (LG) de Hambourg a d\u00e9cid\u00e9 qu&rsquo;en ajoutant un lien, on pouvait \u00eatre solidairement responsable du contenu des pages li\u00e9es. Selon le tribunal de district, cela ne peut \u00eatre \u00e9vit\u00e9 qu&rsquo;en s&rsquo;\u00e9loignant express\u00e9ment de ce contenu. \u00c9tant donn\u00e9 que Hotel &#8211; Gasthaus \u00ab\u00a0Zum Engel\u00a0\u00bb n&rsquo;a aucune influence sur la conception et le contenu des sites Web d&rsquo;autres fournisseurs, Hotel &#8211; Gasthaus \u00ab\u00a0Zum Engel\u00a0\u00bb se distancie express\u00e9ment de tout le contenu de tous les hyperliens externes sur ce site.<\/p>\n<\/div><\/section><\/p><\/div>\n\n<style type=\"text\/css\" data-created_by=\"avia_inline_auto\" id=\"style-css-av-3whgxf-801a435d821f9260a32c36b20f7000ee\">\n.flex_column.av-3whgxf-801a435d821f9260a32c36b20f7000ee{\nborder-radius:0px 0px 0px 0px;\npadding:0px 0px 0px 0px;\n}\n<\/style>\n<div  class='flex_column av-3whgxf-801a435d821f9260a32c36b20f7000ee av_one_full  avia-builder-el-20  el_after_av_one_full  avia-builder-el-last  first flex_column_div av-zero-column-padding  column-top-margin'     ><section  class='av_textblock_section av-kiu5l6ky-884b133b3d0565879878261245869d3a '   itemscope=\"itemscope\" itemtype=\"https:\/\/schema.org\/CreativeWork\" ><div class='avia_textblock'  itemprop=\"text\" ><p>Veuillez \u00e9galement noter notre <a href=\"https:\/\/engel-hinterzarten.de\/fr\/politique-de-confidentialite\">Politique de confidentialit\u00e9<\/a>.<\/p>\n<\/div><\/section><\/div>\n","protected":false},"excerpt":{"rendered":"","protected":false},"author":1,"featured_media":0,"parent":0,"menu_order":0,"comment_status":"closed","ping_status":"closed","template":"","meta":{"footnotes":""},"class_list":["post-1858","page","type-page","status-publish","hentry"],"_links":{"self":[{"href":"https:\/\/engel-hinterzarten.de\/fr\/wp-json\/wp\/v2\/pages\/1858","targetHints":{"allow":["GET"]}}],"collection":[{"href":"https:\/\/engel-hinterzarten.de\/fr\/wp-json\/wp\/v2\/pages"}],"about":[{"href":"https:\/\/engel-hinterzarten.de\/fr\/wp-json\/wp\/v2\/types\/page"}],"author":[{"embeddable":true,"href":"https:\/\/engel-hinterzarten.de\/fr\/wp-json\/wp\/v2\/users\/1"}],"replies":[{"embeddable":true,"href":"https:\/\/engel-hinterzarten.de\/fr\/wp-json\/wp\/v2\/comments?post=1858"}],"version-history":[{"count":10,"href":"https:\/\/engel-hinterzarten.de\/fr\/wp-json\/wp\/v2\/pages\/1858\/revisions"}],"predecessor-version":[{"id":2587,"href":"https:\/\/engel-hinterzarten.de\/fr\/wp-json\/wp\/v2\/pages\/1858\/revisions\/2587"}],"wp:attachment":[{"href":"https:\/\/engel-hinterzarten.de\/fr\/wp-json\/wp\/v2\/media?parent=1858"}],"curies":[{"name":"wp","href":"https:\/\/api.w.org\/{rel}","templated":true}]}}